{"id":3,"date":"2023-11-25T07:49:51","date_gmt":"2023-11-25T10:49:51","guid":{"rendered":"https:\/\/aea.com.br\/clube-fm\/?page_id=3"},"modified":"2024-09-08T13:00:05","modified_gmt":"2024-09-08T16:00:05","slug":"politica-de-privacidade","status":"publish","type":"page","link":"https:\/\/aea.com.br\/clube-fm\/politica-de-privacidade\/","title":{"rendered":"Pol\u00edtica de Privacidade"},"content":{"rendered":"<p>Para n\u00f3s da <strong>AEA Educa\u00e7\u00e3o Continuada<\/strong> o respeito e o cuidado com seus dados pessoais \u00e9 uma prioridade. Por isso, n\u00e3o medimos esfor\u00e7os na hora de cumprir todas as medidas de seguran\u00e7a necess\u00e1rias para que seus dados estejam protegidos e para que voc\u00ea, titular dos dados, tenha plena consci\u00eancia sobre como s\u00e3o utilizados por n\u00f3s.<\/p>\n<p><strong>RESPONS\u00c1VEL PELO TRATAMENTO<\/strong><\/p>\n<p>O controlador de seus dados \u00e9 a empresa AEA Cursos LTDA (<strong>AEA Educa\u00e7\u00e3o Continuada<\/strong>), localizada na Rua Chile, 155 &#8211; Jardim Am\u00e9rica, Tabo\u00e3o da Serra\/SP, CEP 06756-340, e inscrita no CNPJ\/MF sob o n\u00famero 10.882.019\/0001-62.<\/p>\n<p>Para qualquer d\u00favida ou questionamento sobre como tratamos seus dados pessoais voc\u00ea pode entrar em contato conosco a trav\u00e9s do seguinte e-mail: <a href=\"mailto:sac@aea.com.br\">sac@aea.com.br<\/a><\/p>\n<p><strong>COM QUAIS FINALIDADES TRATAMOS SEUS DADOS PESSOAIS?<\/strong><\/p>\n<p><strong>Canais de atendimento ao Cliente:<\/strong><\/p>\n<p>Quando voc\u00ea entra em contato conosco atrav\u00e9s do formul\u00e1rio de contato dispon\u00edvel em nosso site, ou atrav\u00e9s de nossos canais de atendimento ao cliente (mensagem, telefone ou e-mail), seus dados de identifica\u00e7\u00e3o e de contato, ser\u00e3o coletados por n\u00f3s para que possamos, com base em nosso leg\u00edtimo interesse ou para possibilitar a execu\u00e7\u00e3o do contrato, responder sua mensagem e\/ou tomar as provid\u00eancias necess\u00e1rias com rela\u00e7\u00e3o a seu requerimento. Informamos que ao utilizar nosso canal telef\u00f4nico, a liga\u00e7\u00e3o poder\u00e1 ser gravada para garantir a qualidade de nossos servi\u00e7os.<\/p>\n<p>Al\u00e9m disso, com base em nosso leg\u00edtimo interesse de manter um relacionamento pr\u00f3ximo a nossos clientes, poderemos utilizar seus dados para enviar informa\u00e7\u00f5es promocionais sobre nossos produtos e servi\u00e7os.<\/p>\n<p><strong>Registro de Interesse, Download de Brochuras e Newsletters<\/strong><\/p>\n<p>Os dados pessoais coletados atrav\u00e9s dos formul\u00e1rios de registro de interesse em nossos cursos, download de brochuras e newsletter ser\u00e3o tratados com base em nosso interesse leg\u00edtimo para que voc\u00ea possa receber nossos e-mails promocionais com ofertas de cursos, informa\u00e7\u00f5es sobre nossos servi\u00e7os e conte\u00fados informativos e educacionais sobre os seus temas de interesse.<\/p>\n<p><strong>Redes Sociais<\/strong><\/p>\n<p>Os dados pessoais publicados em nossas redes sociais (YouTube, Facebook, Instagram e LinkedIn) poder\u00e3o ser utilizados, com base em nosso interesse leg\u00edtimo, para enviar informa\u00e7\u00f5es promocionais sobre nossos cursos e servi\u00e7os. Para obter informa\u00e7\u00f5es sobre como seus dados s\u00e3o utilizados pelas redes sociais nas quais a <strong>AEA Educa\u00e7\u00e3o Continuada<\/strong> est\u00e1 presente, sugerimos que voc\u00ea revise suas pr\u00f3prias pol\u00edticas de privacidade.<\/p>\n<p><strong>Cookies<\/strong><\/p>\n<p>Cookies s\u00e3o pequenos peda\u00e7os de dados armazenados no navegador de visitantes de um site, geralmente usados para rastrear as configura\u00e7\u00f5es selecionadas pelos usu\u00e1rios e a\u00e7\u00f5es realizadas em um site.<\/p>\n<p>A <strong>AEA Educa\u00e7\u00e3o Continuada<\/strong> utiliza cookies por v\u00e1rios motivos importantes, como:<\/p>\n<ul>\n<li>Para fornecer uma \u00f3tima experi\u00eancia a nossos visitantes e clientes.<\/li>\n<li>Para monitorar e analisar o desempenho, opera\u00e7\u00e3o e efic\u00e1cia do site.<\/li>\n<li>Para garantir que nosso site seja seguro.<\/li>\n<li>Para poder oferecer servi\u00e7os de forma personalizada e de acordo com suas prefer\u00eancias.<\/li>\n<\/ul>\n<p>Nosso site utiliza os seguintes cookies:<\/p>\n<p>&nbsp;<\/p>\n<table width=\"572\">\n<tbody>\n<tr>\n<td width=\"122\">Nome<\/td>\n<td width=\"97\">Dom\u00ednio<\/td>\n<td width=\"271\">Finalidade<\/td>\n<td width=\"80\">Dura\u00e7\u00e3o<\/td>\n<\/tr>\n<tr>\n<td width=\"122\">_ga<\/td>\n<td width=\"97\">.aea.com.br<\/td>\n<td width=\"271\">O Google Analytics define este cookie para calcular dados de visitantes, sess\u00f5es e campanhas e rastrear o uso do site para o relat\u00f3rio anal\u00edtico do site. O cookie armazena informa\u00e7\u00f5es anonimamente e atribui um n\u00famero gerado aleatoriamente para reconhecer visitantes \u00fanicos.<\/td>\n<td width=\"80\">1 ano 1 m\u00eas 4 dias<\/td>\n<\/tr>\n<tr>\n<td width=\"122\">_gid<\/td>\n<td width=\"97\">.aea.com.br<\/td>\n<td width=\"271\">O Google Analytics define este cookie para armazenar informa\u00e7\u00f5es sobre como os visitantes utilizam um site, ao mesmo tempo que cria um relat\u00f3rio anal\u00edtico do desempenho do site. Alguns dos dados coletados incluem o n\u00famero de visitantes, sua origem e as p\u00e1ginas que visitam anonimamente.<\/td>\n<td width=\"80\">1 dia<\/td>\n<\/tr>\n<tr>\n<td width=\"122\">_dc_gtm_UA-*<\/td>\n<td width=\"97\">aea.com.br<\/td>\n<td width=\"271\">O Google Analytics define este cookie para carregar a tag de script do Google Analytics.<\/td>\n<td width=\"80\">60 segundos<\/td>\n<\/tr>\n<tr>\n<td width=\"122\">YSC<\/td>\n<td width=\"97\">.youtube.com<\/td>\n<td width=\"271\">O Youtube define este cookie para rastrear as visualiza\u00e7\u00f5es de v\u00eddeos incorporados nas p\u00e1ginas do Youtube.<\/td>\n<td width=\"80\">Se\u00e7\u00e3o<\/td>\n<\/tr>\n<tr>\n<td width=\"122\">VISITOR_PRIVACY_METADATA<\/td>\n<td width=\"97\">.youtube.com<\/td>\n<td width=\"271\">O YouTube define esse cookie para armazenar o estado de consentimento do cookie do usu\u00e1rio para o dom\u00ednio atual.<\/td>\n<td colspan=\"2\" width=\"82\">1 ano 1 m\u00eas<\/td>\n<\/tr>\n<tr>\n<td width=\"122\">_ga_*<\/td>\n<td width=\"97\">.aea.com.br<\/td>\n<td width=\"271\">O Google Analytics define este cookie para armazenar e contar visualiza\u00e7\u00f5es de p\u00e1ginas.<\/td>\n<td colspan=\"2\" width=\"82\">1 ano 1 m\u00eas 4 dias<\/td>\n<\/tr>\n<tr>\n<td width=\"122\">_gcl_au<\/td>\n<td width=\"97\">.aea.com.br<\/td>\n<td width=\"271\">O Gerenciador de tags do Google define o cookie para testar a efici\u00eancia da publicidade de sites que usam seus servi\u00e7os.<\/td>\n<td colspan=\"2\" width=\"82\">3 meses<\/td>\n<\/tr>\n<tr>\n<td width=\"122\">li_sugr<\/td>\n<td width=\"97\">.linkedin.com<\/td>\n<td width=\"271\">O LinkedIn define este cookie para coletar dados de comportamento do usu\u00e1rio para otimizar o site e tornar os an\u00fancios no site mais relevantes.<\/td>\n<td colspan=\"2\" width=\"82\">3 meses<\/td>\n<\/tr>\n<tr>\n<td width=\"122\">bcookie<\/td>\n<td width=\"97\">.linkedin.com<\/td>\n<td width=\"271\">O LinkedIn define esse cookie a partir dos bot\u00f5es de compartilhamento e tags de an\u00fancios do LinkedIn para reconhecer IDs de navegador.<\/td>\n<td colspan=\"2\" width=\"82\">1 ano<\/td>\n<\/tr>\n<tr>\n<td width=\"122\">lidc<\/td>\n<td width=\"97\">.linkedin.com<\/td>\n<td width=\"271\">O LinkedIn define o cookie lidc para facilitar a sele\u00e7\u00e3o do data center.<\/td>\n<td colspan=\"2\" width=\"82\">1 dia<\/td>\n<\/tr>\n<tr>\n<td width=\"122\">_hjSessionUser_*<\/td>\n<td width=\"97\">.aea.com.br<\/td>\n<td width=\"271\">O Hotjar define este cookie para garantir que os dados de visitas subsequentes ao mesmo site sejam atribu\u00eddos ao mesmo ID de usu\u00e1rio, que persiste no ID de usu\u00e1rio do Hotjar, que \u00e9 exclusivo desse site.<\/td>\n<td colspan=\"2\" width=\"82\">1 ano<\/td>\n<\/tr>\n<tr>\n<td width=\"122\">_hjSession_*<\/td>\n<td width=\"97\">.aea.com.br<\/td>\n<td width=\"271\">O Hotjar define este cookie para garantir que os dados de visitas subsequentes ao mesmo site sejam atribu\u00eddos ao mesmo ID de usu\u00e1rio, que persiste no ID de usu\u00e1rio do Hotjar, que \u00e9 exclusivo desse site.<\/td>\n<td colspan=\"2\" width=\"82\">1 hora<\/td>\n<\/tr>\n<tr>\n<td width=\"122\">hourAnalyticsUserMatchHistory<\/td>\n<td width=\"97\">.linkedin.com<\/td>\n<td width=\"271\">O LinkedIn define este cookie para sincroniza\u00e7\u00e3o de ID de an\u00fancios do LinkedIn.<\/td>\n<td colspan=\"2\" width=\"82\">1 m\u00eas<\/td>\n<\/tr>\n<tr>\n<td width=\"122\">AnalyticsSyncHistory<\/td>\n<td width=\"97\">.linkedin.com<\/td>\n<td width=\"271\">O Linkedin definiu este cookie para armazenar informa\u00e7\u00f5es sobre a hora em que ocorreu uma sincroniza\u00e7\u00e3o com o cookie lms_analytics.<\/td>\n<td colspan=\"2\" width=\"82\">1 m\u00eas<\/td>\n<\/tr>\n<tr>\n<td width=\"122\">bscookie<\/td>\n<td width=\"97\">www.linkedin.com<\/td>\n<td width=\"271\">O LinkedIn define este cookie para armazenar a\u00e7\u00f5es realizadas no site.<\/td>\n<td colspan=\"2\" width=\"82\">1 ano<\/td>\n<\/tr>\n<tr>\n<td width=\"122\">li_gc<\/td>\n<td width=\"97\">.linkedin.com<\/td>\n<td width=\"271\">O Linkedin define este cookie para armazenar o consentimento do visitante em rela\u00e7\u00e3o ao uso de cookies para fins n\u00e3o essenciais.<\/td>\n<td colspan=\"2\" width=\"82\">6 meses<\/td>\n<\/tr>\n<tr>\n<td width=\"122\">_fbp<\/td>\n<td width=\"97\">.aea.com.br<\/td>\n<td width=\"271\">O Facebook define este cookie para exibir an\u00fancios quando estiver no Facebook ou em uma plataforma digital alimentada por publicidade do Facebook ap\u00f3s visitar o site.<\/td>\n<td colspan=\"2\" width=\"82\">3 meses<\/td>\n<\/tr>\n<tr>\n<td width=\"122\">Mkt_GAUserid<\/td>\n<td width=\"97\">.aea.com.br<\/td>\n<td width=\"271\">Sem descri\u00e7\u00e3o<\/td>\n<td colspan=\"2\" width=\"82\">1 ano 1 m\u00eas 4 dias<\/td>\n<\/tr>\n<tr>\n<td width=\"122\">Mkt_Origem<\/td>\n<td width=\"97\">.aea.com.br<\/td>\n<td width=\"271\">Sem descri\u00e7\u00e3o<\/td>\n<td colspan=\"2\" width=\"82\">Se\u00e7\u00e3o<\/td>\n<\/tr>\n<tr>\n<td width=\"122\">Mkt_Midia<\/td>\n<td width=\"97\">.aea.com.br<\/td>\n<td width=\"271\">Sem descri\u00e7\u00e3o<\/td>\n<td colspan=\"2\" width=\"82\">Se\u00e7\u00e3o<\/td>\n<\/tr>\n<tr>\n<td width=\"122\">Mkt_SessionId<\/td>\n<td width=\"97\">.aea.com.br<\/td>\n<td width=\"271\">Sem descri\u00e7\u00e3o<\/td>\n<td colspan=\"2\" width=\"82\">Se\u00e7\u00e3o<\/td>\n<\/tr>\n<tr>\n<td width=\"122\">__trf.src<\/td>\n<td width=\"97\">.aea.com.br<\/td>\n<td width=\"271\">Sem descri\u00e7\u00e3o<\/td>\n<td colspan=\"2\" width=\"82\">1 ano<\/td>\n<\/tr>\n<tr>\n<td width=\"122\">CLID<\/td>\n<td width=\"97\">www.clarity.ms<\/td>\n<td width=\"271\">O Microsoft Clarity define esse cookie para armazenar informa\u00e7\u00f5es sobre como os visitantes interagem com o site. O cookie ajuda a fornecer um relat\u00f3rio de an\u00e1lise. A recolha de dados inclui o n\u00famero de visitantes, onde visitam o site e as p\u00e1ginas visitadas.<\/td>\n<td colspan=\"2\" width=\"82\">1 ano<\/td>\n<\/tr>\n<tr>\n<td width=\"122\">_clck<\/td>\n<td width=\"97\">.aea.com.br<\/td>\n<td width=\"271\">O Microsoft Clarity define esse cookie para reter o ID de usu\u00e1rio do Clarity do navegador e as configura\u00e7\u00f5es exclusivas desse site. Isto garante que as a\u00e7\u00f5es realizadas durante visitas subsequentes ao mesmo site estar\u00e3o vinculadas ao mesmo ID de usu\u00e1rio.<\/td>\n<td colspan=\"2\" width=\"82\">1 ano<\/td>\n<\/tr>\n<tr>\n<td width=\"122\">SM<\/td>\n<td width=\"97\">.c.clarity.ms<\/td>\n<td width=\"271\">Microsoft Clarity cookie set this cookie for synchronizing the MUID across Microsoft domains.<\/td>\n<td colspan=\"2\" width=\"82\">Se\u00e7\u00e3o<\/td>\n<\/tr>\n<tr>\n<td width=\"122\">MUID<\/td>\n<td width=\"97\">.clarity.ms<\/td>\n<td width=\"271\">O Bing define esse cookie para reconhecer navegadores exclusivos que visitam sites da Microsoft. Este cookie \u00e9 usado para publicidade, an\u00e1lise de sites e outras opera\u00e7\u00f5es.<\/td>\n<td colspan=\"2\" width=\"82\">1 ano 24 dias<\/td>\n<\/tr>\n<tr>\n<td width=\"122\">MUID<\/td>\n<td width=\"97\">.bing.com<\/td>\n<td width=\"271\">O Bing define esse cookie para reconhecer navegadores exclusivos que visitam sites da Microsoft. Este cookie \u00e9 usado para publicidade, an\u00e1lise de sites e outras opera\u00e7\u00f5es.<\/td>\n<td colspan=\"2\" width=\"82\">1 ano 24 dias<\/td>\n<\/tr>\n<tr>\n<td width=\"122\">MR<\/td>\n<td width=\"97\">.c.bing.com<\/td>\n<td width=\"271\">Este cookie, definido pelo Bing, \u00e9 usado para coletar informa\u00e7\u00f5es do usu\u00e1rio para fins anal\u00edticos.<\/td>\n<td colspan=\"2\" width=\"82\">7 dias<\/td>\n<\/tr>\n<tr>\n<td width=\"122\">SRM_B<\/td>\n<td width=\"97\">.c.bing.com<\/td>\n<td width=\"271\">Usado pelo Microsoft Advertising como um ID exclusivo para visitantes.<\/td>\n<td colspan=\"2\" width=\"82\">1 ano 24 dias<\/td>\n<\/tr>\n<tr>\n<td width=\"122\">MR<\/td>\n<td width=\"97\">.c.clarity.ms<\/td>\n<td width=\"271\">Este cookie, definido pelo Bing, \u00e9 usado para coletar informa\u00e7\u00f5es do usu\u00e1rio para fins anal\u00edticos.<\/td>\n<td colspan=\"2\" width=\"82\">7 dias<\/td>\n<\/tr>\n<tr>\n<td width=\"122\">ANONCHK<\/td>\n<td width=\"97\">c.clarity.ms<\/td>\n<td width=\"271\">O cookie ANONCHK, definido pelo Bing, \u00e9 usado para armazenar o ID de sess\u00e3o de um usu\u00e1rio e verificar os cliques dos an\u00fancios no mecanismo de pesquisa do Bing. O cookie tamb\u00e9m ajuda na gera\u00e7\u00e3o de relat\u00f3rios e na personaliza\u00e7\u00e3o.<\/td>\n<td colspan=\"2\" width=\"82\">10 minutos<\/td>\n<\/tr>\n<tr>\n<td width=\"122\">rdtrk<\/td>\n<td width=\"97\">.aea.com.br<\/td>\n<td width=\"271\">O RD Station configura esse cookie para armazenar a lista de todas as p\u00e1ginas acessadas pelo visitante dentro do dom\u00ednio do usu\u00e1rio, antes mesmo da convers\u00e3o.<\/td>\n<td colspan=\"2\" width=\"82\">1 ano<\/td>\n<\/tr>\n<tr>\n<td width=\"122\">_clsk<\/td>\n<td width=\"97\">.aea.com.br<\/td>\n<td width=\"271\">O Microsoft Clarity define esse cookie para armazenar e consolidar as visualiza\u00e7\u00f5es de p\u00e1gina de um usu\u00e1rio em uma \u00fanica grava\u00e7\u00e3o de sess\u00e3o.<\/td>\n<td colspan=\"2\" width=\"82\">1 dia<\/td>\n<\/tr>\n<tr>\n<td width=\"122\">PREF<\/td>\n<td width=\"97\">.youtube.com<\/td>\n<td width=\"271\">O cookie PREF \u00e9 definido pelo YouTube para armazenar prefer\u00eancias do usu\u00e1rio, como idioma, formato dos resultados de pesquisa e outras personaliza\u00e7\u00f5es para v\u00eddeos do YouTube incorporados em diferentes sites.<\/td>\n<td colspan=\"2\" width=\"82\">8 meses<\/td>\n<\/tr>\n<tr>\n<td width=\"122\">__Secure-YEC<\/td>\n<td width=\"97\">.youtube.com<\/td>\n<td width=\"271\">Sem descri\u00e7\u00e3o<\/td>\n<td colspan=\"2\" width=\"82\">1 ano 1 m\u00eas<\/td>\n<\/tr>\n<tr>\n<td width=\"122\">VISITOR_INFO1_LIVE<\/td>\n<td width=\"97\">.youtube.com<\/td>\n<td width=\"271\">O YouTube define esse cookie para medir a largura de banda, determinando se o usu\u00e1rio obt\u00e9m a interface do player nova ou antiga.<\/td>\n<td colspan=\"2\" width=\"82\">Passado<\/td>\n<\/tr>\n<tr>\n<td width=\"122\">_rdtrk<\/td>\n<td width=\"97\">.rdstation.com.br<\/td>\n<td width=\"271\">Utilizado pelo RD Station para manter uma lista de todas as p\u00e1ginas que um visitante acessou dentro do dom\u00ednio antes mesmo da convers\u00e3o.<\/td>\n<td colspan=\"2\" width=\"82\">9 anos 7 meses 21 dias 11 horas 28 minutos<\/td>\n<\/tr>\n<\/tbody>\n<\/table>\n<p>&nbsp;<\/p>\n<p>Para mais informa\u00e7\u00e3o, acesse a pol\u00edtica de privacidade do Google, LinkedIn, Microsoft, Meta e da RD Station.<\/p>\n<p>Voc\u00ea pode permitir ou bloquear os cookies, assim como eliminar seus dados de navega\u00e7\u00e3o (incluindo os cookies) em seu navegador. Consulte as op\u00e7\u00f5es e instru\u00e7\u00f5es que seu navegador oferece.<\/p>\n<p><strong>POR QUANTO TEMPO VAMOS MANTER OS DADOS?<\/strong><\/p>\n<p>Os dados pessoais fornecidos por voc\u00ea ser\u00e3o mantidos por tempo indeterminado, at\u00e9 que voc\u00ea solicite a elimina\u00e7\u00e3o dos dados de nosso cadastro. A elimina\u00e7\u00e3o dos dados pessoais n\u00e3o ser\u00e1 poss\u00edvel quando sejam necess\u00e1rios para o cumprimento de obriga\u00e7\u00e3o legal ou regulat\u00f3ria, para o exerc\u00edcio legal de direitos pela <strong>AEA Educa\u00e7\u00e3o Continuada<\/strong> ou quando sejam mantidos de forma an\u00f4nima.<\/p>\n<p>Os dados coletados atrav\u00e9s dos cookies ser\u00e3o mantidos pelos prazos informados nesta Pol\u00edtica.<\/p>\n<p><strong>PARA QUAIS DESTINAT\u00c1RIOS PODEMOS COMUNICAR SEUS DADOS?<\/strong><\/p>\n<p>Seus dados pessoais podem ser transferidos para os seguintes destinat\u00e1rios:\u200b<\/p>\n<ul>\n<li>\u00d3rg\u00e3os p\u00fablicos, para fins de cumprimento de uma disposi\u00e7\u00e3o judicial, legal ou regulat\u00f3ria;<\/li>\n<li>Fornecedores de servi\u00e7os da <strong>AEA Educa\u00e7\u00e3o Continuada<\/strong> relacionados com a gest\u00e3o e hospedagem do site, al\u00e9m de empresas de marketing, de TI e representantes comerciais.<\/li>\n<\/ul>\n<p>Alguns dos fornecedores de servi\u00e7os da <strong>AEA Educa\u00e7\u00e3o Continuada<\/strong> armazenam seus dados em data centers localizados fora do Brasil.<\/p>\n<p>A <strong>AEA Educa\u00e7\u00e3o Continuada<\/strong> tomar\u00e1 todas as medidas necess\u00e1rias para garantir que seus representantes, funcion\u00e1rios, colaboradores ou terceiros que possuam necessidade de ter acesso aos dados pessoais para cumprir com suas fun\u00e7\u00f5es profissionais com rela\u00e7\u00e3o aos servi\u00e7os, estejam sujeitos a compromissos de confidencialidade.<\/p>\n<p><strong>QUAIS S\u00c3O OS SEUS DIREITOS COM RELA\u00c7\u00c3O AOS DADOS FORNECIDOS?<\/strong><\/p>\n<p>A qualquer momento, voc\u00ea poder\u00e1 exercer seus direitos de:<\/p>\n<ul>\n<li>Confirmar se estamos tratando seus dados;<\/li>\n<li>Ter acesso a eles;<\/li>\n<li>Solicitar a corre\u00e7\u00e3o de dados incompletos, inexatos ou desatualizados;<\/li>\n<li>Em alguns casos, solicitar a anonimiza\u00e7\u00e3o, bloqueio ou elimina\u00e7\u00e3o de dados desnecess\u00e1rios, excessivos ou tratados em desconformidade com o disposto na normativa sobre prote\u00e7\u00e3o de dados;<\/li>\n<li>Solicitar a portabilidade dos dados a outro fornecedor de servi\u00e7o;<\/li>\n<li>Solicitar a elimina\u00e7\u00e3o dos dados pessoais tratados com o seu consentimento, exceto quando sejam necess\u00e1rios para cumprimento de obriga\u00e7\u00e3o legal ou regulat\u00f3ria por parte da <strong>AEA Educa\u00e7\u00e3o Continuada<\/strong>, ou quando sejam mantidos de forma an\u00f4nima;<\/li>\n<li>Solicitar informa\u00e7\u00e3o sobre as entidades p\u00fablicas e privadas com as quais compartilhamos seus dados.<\/li>\n<\/ul>\n<p>Para obter estas informa\u00e7\u00f5es ou enviar um requerimento de direitos, pedimos que voc\u00ea entre em contato conosco pelo e-mail <a href=\"mailto:sac@aea.com.br\">sac@aea.com.br<\/a><\/p>\n<p><strong>MODIFICA\u00c7\u00d5ES DE NOSSA POL\u00cdTICA DE PRIVACIDADE<\/strong><\/p>\n<p>Buscando a cont\u00ednua melhoria n\u00f3s poderemos alterar, a qualquer momento, a Pol\u00edtica de Privacidade. Sempre que isso ocorrer, divulgaremos as altera\u00e7\u00f5es em nosso site em lugar vis\u00edvel e de f\u00e1cil acesso.<\/p>\n","protected":false},"excerpt":{"rendered":"<p>Para n\u00f3s da AEA Educa\u00e7\u00e3o Continuada o respeito e o cuidado com seus dados pessoais \u00e9 uma prioridade. Por isso, n\u00e3o medimos esfor\u00e7os na hora de cumprir todas as medidas de seguran\u00e7a necess\u00e1rias para que seus dados estejam protegidos e para que voc\u00ea, titular dos dados, tenha plena consci\u00eancia sobre como s\u00e3o utilizados por n\u00f3s. [&hellip;]<\/p>\n","protected":false},"author":6,"featured_media":0,"parent":0,"menu_order":50,"comment_status":"closed","ping_status":"open","template":"","meta":{"site-sidebar-layout":"default","site-content-layout":"","ast-site-content-layout":"default","site-content-style":"default","site-sidebar-style":"default","ast-global-header-display":"","ast-banner-title-visibility":"","ast-main-header-display":"","ast-hfb-above-header-display":"","ast-hfb-below-header-display":"","ast-hfb-mobile-header-display":"","site-post-title":"","ast-breadcrumbs-content":"","ast-featured-img":"","footer-sml-layout":"","theme-transparent-header-meta":"default","adv-header-id-meta":"","stick-header-meta":"default","header-above-stick-meta":"","header-main-stick-meta":"","header-below-stick-meta":"","astra-migrate-meta-layouts":"set","ast-page-background-enabled":"default","ast-page-background-meta":{"desktop":{"background-color":"","background-image":"","background-repeat":"repeat","background-position":"center center","background-size":"auto","background-attachment":"scroll","background-type":"","background-media":"","overlay-type":"","overlay-color":"","overlay-opacity":"","overlay-gradient":""},"tablet":{"background-color":"","background-image":"","background-repeat":"repeat","background-position":"center center","background-size":"auto","background-attachment":"scroll","background-type":"","background-media":"","overlay-type":"","overlay-color":"","overlay-opacity":"","overlay-gradient":""},"mobile":{"background-color":"","background-image":"","background-repeat":"repeat","background-position":"center center","background-size":"auto","background-attachment":"scroll","background-type":"","background-media":"","overlay-type":"","overlay-color":"","overlay-opacity":"","overlay-gradient":""}},"ast-content-background-meta":{"desktop":{"background-color":"var(--ast-global-color-5)","background-image":"","background-repeat":"repeat","background-position":"center center","background-size":"auto","background-attachment":"scroll","background-type":"","background-media":"","overlay-type":"","overlay-color":"","overlay-opacity":"","overlay-gradient":""},"tablet":{"background-color":"var(--ast-global-color-5)","background-image":"","background-repeat":"repeat","background-position":"center center","background-size":"auto","background-attachment":"scroll","background-type":"","background-media":"","overlay-type":"","overlay-color":"","overlay-opacity":"","overlay-gradient":""},"mobile":{"background-color":"var(--ast-global-color-5)","background-image":"","background-repeat":"repeat","background-position":"center center","background-size":"auto","background-attachment":"scroll","background-type":"","background-media":"","overlay-type":"","overlay-color":"","overlay-opacity":"","overlay-gradient":""}},"footnotes":""},"class_list":["post-3","page","type-page","status-publish","hentry"],"aioseo_notices":[],"_links":{"self":[{"href":"https:\/\/aea.com.br\/clube-fm\/wp-json\/wp\/v2\/pages\/3","targetHints":{"allow":["GET"]}}],"collection":[{"href":"https:\/\/aea.com.br\/clube-fm\/wp-json\/wp\/v2\/pages"}],"about":[{"href":"https:\/\/aea.com.br\/clube-fm\/wp-json\/wp\/v2\/types\/page"}],"author":[{"embeddable":true,"href":"https:\/\/aea.com.br\/clube-fm\/wp-json\/wp\/v2\/users\/6"}],"replies":[{"embeddable":true,"href":"https:\/\/aea.com.br\/clube-fm\/wp-json\/wp\/v2\/comments?post=3"}],"version-history":[{"count":3,"href":"https:\/\/aea.com.br\/clube-fm\/wp-json\/wp\/v2\/pages\/3\/revisions"}],"predecessor-version":[{"id":27338,"href":"https:\/\/aea.com.br\/clube-fm\/wp-json\/wp\/v2\/pages\/3\/revisions\/27338"}],"wp:attachment":[{"href":"https:\/\/aea.com.br\/clube-fm\/wp-json\/wp\/v2\/media?parent=3"}],"curies":[{"name":"wp","href":"https:\/\/api.w.org\/{rel}","templated":true}]}}